{"id":1422,"date":"2025-01-08T07:59:16","date_gmt":"2025-01-08T07:59:16","guid":{"rendered":"https:\/\/demo.7iquid.com\/vroomo\/?page_id=1422"},"modified":"2026-02-28T15:34:36","modified_gmt":"2026-02-28T15:34:36","slug":"reservation","status":"publish","type":"page","link":"https:\/\/www.stonerentacar.com\/tr\/reservation\/","title":{"rendered":"Rezervasyon"},"content":{"rendered":"<div data-elementor-type=\"wp-page\" data-elementor-id=\"1422\" class=\"elementor elementor-1422\">\n\t\t\t\t        <section class=\"elementor-section elementor-top-section elementor-element elementor-element-4dfda6f elementor-section-boxed elementor-section-height-default elementor-section-height-default pxl-section-static-pos-no pxl-section-overflow-hidden-no pxl-container-margin-auto-no\" data-id=\"4dfda6f\" data-element_type=\"section\" data-e-type=\"section\">\n\n                \n                <div class=\"elementor-container elementor-column-gap-default\">\n                <div class=\"elementor-column elementor-col-33 elementor-top-column elementor-element elementor-element-d4adff7 pxl-column-element-default pxl-column-overflow-hidden-no\" data-id=\"d4adff7\" data-element_type=\"column\" data-e-type=\"column\">\r\n        <div class=\"elementor-widget-wrap elementor-element-populated\">\r\n                                        <\/div>\r\n        <\/div>\r\n                <div class=\"elementor-column elementor-col-33 elementor-top-column elementor-element elementor-element-b0501fd pxl-column-element-default pxl-column-overflow-hidden-no\" data-id=\"b0501fd\" data-element_type=\"column\" data-e-type=\"column\">\r\n        <div class=\"elementor-widget-wrap elementor-element-populated\">\r\n                                        <\/div>\r\n        <\/div>\r\n                <div class=\"elementor-column elementor-col-33 elementor-top-column elementor-element elementor-element-5526927 pxl-column-element-default pxl-column-overflow-hidden-no\" data-id=\"5526927\" data-element_type=\"column\" data-e-type=\"column\">\r\n        <div class=\"elementor-widget-wrap elementor-element-populated\">\r\n                                        <\/div>\r\n        <\/div>\r\n        \t\t\t<\/div>\n\t\t<\/section>\n\t\t        <section class=\"elementor-section elementor-top-section elementor-element elementor-element-02a3e37 elementor-section-boxed elementor-section-height-default elementor-section-height-default pxl-section-static-pos-no pxl-section-overflow-hidden-no pxl-container-margin-auto-no\" data-id=\"02a3e37\" data-element_type=\"section\" data-e-type=\"section\">\n\n                \n                <div class=\"elementor-container elementor-column-gap-default\">\n                <div class=\"elementor-column elementor-col-66 elementor-top-column elementor-element elementor-element-ed6af09 pxl-column-element-default pxl-column-overflow-hidden-no\" data-id=\"ed6af09\" data-element_type=\"column\" data-e-type=\"column\">\r\n        <div class=\"elementor-widget-wrap elementor-element-populated\">\r\n                    \t\t<div class=\"elementor-element elementor-element-717e557 elementor-widget elementor-widget-pxl_heading\" data-id=\"717e557\" data-element_type=\"widget\" data-e-type=\"widget\" data-widget_type=\"pxl_heading.default\">\n\t\t\t\t<div class=\"elementor-widget-container\">\n\t\t\t\t\t<div class=\"pxl-heading-wrap d-flex\">\n    <div class=\"pxl-heading-inner\">\n                <h2 class=\"heading-title\">\n                        Koruma planlar\u0131                     <\/h2>\n            <\/div>\n<\/div>\n\n\t\t\t\t<\/div>\n\t\t\t\t<\/div>\n\t\t\t\t<div class=\"elementor-element elementor-element-15398a0 elementor-widget elementor-widget-pxl_text_editor\" data-id=\"15398a0\" data-element_type=\"widget\" data-e-type=\"widget\" data-widget_type=\"pxl_text_editor.default\">\n\t\t\t\t<div class=\"elementor-widget-container\">\n\t\t\t\t\t<div id=\"pxl_text_editor-15398a0-9164\" class=\"pxl-text-editor-wrap d-flex\" >\n\t<div class=\"pxl-text-editor elementor-clearfix\">\n\t\t<p>Stone ile ara\u00e7 kiralarken, bir koruma plan\u0131 se\u00e7mek zorunludur. Bu plana dahil olan sigorta, Stone taraf\u0131ndan Stone\u00ae ad\u0131na d\u00fczenlenen bir poli\u00e7e kapsam\u0131nda sa\u011flanmaktad\u0131r.<\/p>\t\t\n\t<\/div>\n<\/div>\t\t\t\t<\/div>\n\t\t\t\t<\/div>\n\t\t\t\t<div class=\"elementor-element elementor-element-5561c43 elementor-widget elementor-widget-pxl_reservation_protection_plan\" data-id=\"5561c43\" data-element_type=\"widget\" data-e-type=\"widget\" data-widget_type=\"pxl_reservation_protection_plan.default\">\n\t\t\t\t<div class=\"elementor-widget-container\">\n\t\t\t\t\t        <div class=\"pxl-reservation-protection-wg\" data-price=\"0\">\r\n            <div class=\"row gx-16\">\r\n                <div class=\"col\">\r\n                                            <h4 class=\"title\">Standart Koruma Plan\u0131<\/h4>\r\n                                                                <p class=\"subtitle\">H\u0131rs\u0131zl\u0131k sigortas\u0131 \u00fccretsizdir ve b\u00fcy\u00fck bir kaza durumunda, arac\u0131n de\u011ferinin yaln\u0131zca %2'si oran\u0131nda muafiyet bedeli \u00f6dersiniz. (Polis raporu gereklidir)<\/p>\r\n                                        <ul class=\"featured-list list-unstyled\">\r\n                                                        <li class=\"feature-item content-item\">\r\n                                    <i aria-hidden=\"true\" class=\"pxl-icon pxli pxli-read\"><\/i>                                        <span class=\"item-text h6\">H\u0131rs\u0131zl\u0131\u011fa kar\u015f\u0131 koruma, ki\u015fisel kaza sigortas\u0131 ve 300.000 dolara kadar sorumluluk sigortas\u0131 (Polis raporu gereklidir)<\/span>\r\n                                <\/li>\r\n                                            <\/ul>\r\n                <\/div>\r\n                            <\/div>\r\n        <\/div>\r\n        \t\t\t\t<\/div>\n\t\t\t\t<\/div>\n\t\t\t\t<div class=\"elementor-element elementor-element-3546822 elementor-widget elementor-widget-pxl_reservation_protection_plan\" data-id=\"3546822\" data-element_type=\"widget\" data-e-type=\"widget\" data-widget_type=\"pxl_reservation_protection_plan.default\">\n\t\t\t\t<div class=\"elementor-widget-container\">\n\t\t\t\t\t        <div class=\"pxl-reservation-protection-wg selected\" data-price=\"20\">\r\n            <div class=\"row gx-16\">\r\n                <div class=\"col\">\r\n                                            <h4 class=\"title\">Premium Koruma Plan\u0131<\/h4>\r\n                                                                <p class=\"subtitle\">Bu, \u00e7izikler, lastikler ve \u00f6n camlar gibi k\u00fc\u00e7\u00fck hasarlar\u0131 kapsayan ek bir sigorta poli\u00e7esidir. Polis bu t\u00fcr hasarlar i\u00e7in rapor tutmad\u0131\u011f\u0131 veya bulundu\u011funuz yere gelmedi\u011fi i\u00e7in, \u015firketimiz taraf\u0131ndan sunulan bu ek sigorta poli\u00e7eleri size ek para tasarrufu sa\u011flamak \u00fczere tasarlanm\u0131\u015ft\u0131r... K\u00fc\u00e7\u00fck hasarlar i\u00e7in polis raporu gerekmez.<\/p>\r\n                                        <ul class=\"featured-list list-unstyled\">\r\n                                                        <li class=\"feature-item content-item\">\r\n                                    <i aria-hidden=\"true\" class=\"pxl-icon pxli pxli-read\"><\/i>                                        <span class=\"item-text h6\">Bu, g\u00fcnl\u00fck 15.000 TL b\u00fct\u00e7eli iste\u011fe ba\u011fl\u0131 bir sigorta poli\u00e7esidir. Bir g\u00fcnl\u00fck kiralama i\u00e7in sat\u0131n al\u0131n\u0131rsa, 15.000 TL'yi a\u015fan hasarlar\u0131 kar\u015f\u0131lamaz. \u00d6rne\u011fin, bir haftal\u0131k kiralama i\u00e7in 105.000 TL'lik hasarlar\u0131 kar\u015f\u0131lar. K\u00fc\u00e7\u00fck hasarlar i\u00e7in polis raporu gerekmez.<\/span>\r\n                                <\/li>\r\n                                            <\/ul>\r\n                <\/div>\r\n                                    <div class=\"col-auto\">\r\n                        <h5 class=\"protected-price fw-500\">&euro;20 \/day<\/h5>\r\n                    <\/div>\r\n                            <\/div>\r\n        <\/div>\r\n        \t\t\t\t<\/div>\n\t\t\t\t<\/div>\n\t\t\t\t<div class=\"elementor-element elementor-element-99b2e00 elementor-widget elementor-widget-pxl_heading\" data-id=\"99b2e00\" data-element_type=\"widget\" data-e-type=\"widget\" data-widget_type=\"pxl_heading.default\">\n\t\t\t\t<div class=\"elementor-widget-container\">\n\t\t\t\t\t<div class=\"pxl-heading-wrap d-flex\">\n    <div class=\"pxl-heading-inner center\">\n                <h3 class=\"heading-title\">\n                        Ekstralar                     <\/h3>\n            <\/div>\n<\/div>\n\n\t\t\t\t<\/div>\n\t\t\t\t<\/div>\n\t\t\t\t<div class=\"elementor-element elementor-element-e261e09 elementor-widget elementor-widget-pxl_text_editor\" data-id=\"e261e09\" data-element_type=\"widget\" data-e-type=\"widget\" data-widget_type=\"pxl_text_editor.default\">\n\t\t\t\t<div class=\"elementor-widget-container\">\n\t\t\t\t\t<div id=\"pxl_text_editor-e261e09-4522\" class=\"pxl-text-editor-wrap d-flex\" >\n\t<div class=\"pxl-text-editor elementor-clearfix\">\n\t\t<p>Talepler stok durumuna ba\u011fl\u0131 oldu\u011fundan garanti edilemez. \u00d6deme teslim alma s\u0131ras\u0131nda yap\u0131lacakt\u0131r.<\/p>\t\t\n\t<\/div>\n<\/div>\t\t\t\t<\/div>\n\t\t\t\t<\/div>\n\t\t\t\t<div class=\"elementor-element elementor-element-8efd34e elementor-widget elementor-widget-pxl_car_extra_service_single\" data-id=\"8efd34e\" data-element_type=\"widget\" data-e-type=\"widget\" data-widget_type=\"pxl_car_extra_service_single.default\">\n\t\t\t\t<div class=\"elementor-widget-container\">\n\t\t\t\t\t<div class=\"pxl-no-post-grid\">No Post Found or is not car service single page<\/div>\t\t\t\t<\/div>\n\t\t\t\t<\/div>\n\t\t                    <\/div>\r\n        <\/div>\r\n                <div class=\"elementor-column elementor-col-33 elementor-top-column elementor-element elementor-element-46287ea pxl-column-element-default pxl-column-overflow-hidden-no\" data-id=\"46287ea\" data-element_type=\"column\" data-e-type=\"column\">\r\n        <div class=\"elementor-widget-wrap elementor-element-populated\">\r\n                                        <\/div>\r\n        <\/div>\r\n        \t\t\t<\/div>\n\t\t<\/section>\n\t\t\t\t<\/div>","protected":false},"excerpt":{"rendered":"<p>Protection plans When booking a vehicle with Stone, choosing a protection plan is mandatory. The insurance included in this plan is provided under a policy issued to Stone by Stone\u00ae. Standard Protection Plan Theft insurance is free, and in the event of a major accident, you only pay a 2% deductible on the value of [&hellip;]<\/p>\n","protected":false},"author":1,"featured_media":0,"parent":0,"menu_order":0,"comment_status":"closed","ping_status":"closed","template":"","meta":{"footnotes":""},"class_list":["post-1422","page","type-page","status-publish","hentry"],"_links":{"self":[{"href":"https:\/\/www.stonerentacar.com\/tr\/wp-json\/wp\/v2\/pages\/1422","targetHints":{"allow":["GET"]}}],"collection":[{"href":"https:\/\/www.stonerentacar.com\/tr\/wp-json\/wp\/v2\/pages"}],"about":[{"href":"https:\/\/www.stonerentacar.com\/tr\/wp-json\/wp\/v2\/types\/page"}],"author":[{"embeddable":true,"href":"https:\/\/www.stonerentacar.com\/tr\/wp-json\/wp\/v2\/users\/1"}],"replies":[{"embeddable":true,"href":"https:\/\/www.stonerentacar.com\/tr\/wp-json\/wp\/v2\/comments?post=1422"}],"version-history":[{"count":13,"href":"https:\/\/www.stonerentacar.com\/tr\/wp-json\/wp\/v2\/pages\/1422\/revisions"}],"predecessor-version":[{"id":8446,"href":"https:\/\/www.stonerentacar.com\/tr\/wp-json\/wp\/v2\/pages\/1422\/revisions\/8446"}],"wp:attachment":[{"href":"https:\/\/www.stonerentacar.com\/tr\/wp-json\/wp\/v2\/media?parent=1422"}],"curies":[{"name":"wp","href":"https:\/\/api.w.org\/{rel}","templated":true}]}}